{"id":4880,"date":"2022-06-27T11:40:57","date_gmt":"2022-06-27T11:40:57","guid":{"rendered":"https:\/\/trondheim-maraton.mittmagasin.online\/?page_id=4880"},"modified":"2022-06-29T07:24:24","modified_gmt":"2022-06-29T07:24:24","slug":"ambassadorene-er-ansiktet-utad%ef%bf%bc","status":"publish","type":"page","link":"https:\/\/trondheim-maraton.mittmagasin.online\/?page_id=4880","title":{"rendered":"Ambassad\u00f8rene er ansiktet utad\ufffc"},"content":{"rendered":"<p>\n    <a href=\"\/index.php?page_id=4806\">Forrige side<\/a>\n<\/p>\n<p>\n    <a href=\"\/index.php?page_id=4826\">Neste side<\/a>\n<\/p>\n<h1>AMBASSAD\u00d8RPROSJEKTET<\/h1>\n<h1>\n<p>Ambassad\u00f8rene er Sparebank 1 SMN Trondheim Maratons ansikt utad<\/p>\n<\/h1>\n<p><img decoding=\"async\" src=\"\/wp-content\/uploads\/2022\/06\/Bjorn-Raffenberg-Skotte-KD-97310.jpg\" alt=\"\"><\/p>\n<div>\n<p><em><strong>Treningsglad:<\/strong> Bj\u00f8rn Raffenberg Skotte er opptatt av hvor viktig trening er for god folkehelse. (Foto: Privat)<\/em><\/p>\n<\/div>\n<h1>\n<p>\u2013 Vi har sv\u00e6rt mange ulike ambassad\u00f8rer med sv\u00e6rt ulike tiln\u00e6rminger til, og forutsetninger for, l\u00f8ping. Felles for dem er at de er interessert i l\u00f8ping, og er opptatte av \u00e5 trene og v\u00e6re aktive, sier Bj\u00f8rn Raffenberg Skotte som er teamleder for ambassad\u00f8rene i S\u00f8r-\u00d8st Norge.<\/p>\n<\/h1>\n<div>\n<p>Tekst: Marianne R\u00f8hme<\/p>\n<\/div>\n<div>\n<p>Fram til nylig hadde Sparebank 1 SMN Trondheim Maraton 35 ambassad\u00f8rer. N\u00e5 er antallet doblet.<\/p>\n<p>\u2013 Ambassad\u00f8rene er folk som har interesse for l\u00f8ping. Bakgrunnen deres er imidlertid sv\u00e6rt ulik b\u00e5de n\u00e5r det gjelder alder, utdanning og etnisk opprinnelse. Her finner vi folk fra alle samfunnslag og niv\u00e5. Det er meningen de skal speile den aktive delen av samfunnet, og p\u00e5 den m\u00e5ten inspirere andre likesinnede til en aktiv livsstil, sier Bj\u00f8rn, og legger til at de fleste er engasjerte folk, og mange er aktive p\u00e5 sosiale medier.<\/p>\n<p>\u2013 Ambassad\u00f8rene v\u00e5re er gjerne ivrige i \u00e5 v\u00e6re med p\u00e5 l\u00f8p og trener i forskjellige l\u00f8pegrupper, men vi har ogs\u00e5 ambassad\u00f8rer som trener mer p\u00e5 egenh\u00e5nd. Her har vi b\u00e5de ekstroverte og introverte mennesker, b\u00f8nder, husm\u00f8dre og kreftpasienter, sier Bj\u00f8rn<\/p>\n<p>Alle ambassad\u00f8rene har en kode som de kan dele med andre. Denne gir de som benytter koden 100 kroner i rabatt p\u00e5 startkontingenten til Sparebank 1 SMN Trondheim Maraton.<\/p>\n<p>Per 1. juni var det 2300 p\u00e5meldte til \u00e5rets l\u00f8p. M\u00e5let er \u00e5 komme opp p\u00e5 2019-niv\u00e5 med 7700 p\u00e5meldte.<\/p>\n<p>\u2013 Selve l\u00f8psdagen er den store m\u00e5lsettningen for b\u00e5de oss som sitter p\u00e5 arrang\u00f8rsiden, og alle dem som har trent mot denne dagen og mot bedre folkehelse. Samarbeidspartnere som Kondis med flere er s\u00e5ledes en helt naturlig forlengende arm inn mot arragementet. Det er ogs\u00e5 verdt \u00e5 nevne at f\u00f8r, under og etter selve arrangementet vil hele Trondheim ha ulike kulturtilbud, opplevelser og arragementer i by`n, sier Bj\u00f8rn, og legger til:<\/p>\n<p>\u2013 Her spiller ambassad\u00f8rene en viktig rolle i \u00e5 motivere folk til \u00e5 melde seg p\u00e5 en av distansene. Vi har distanser fra 5-kilometer og oppover, s\u00e5 her b\u00f8r det v\u00e6re noe for de fleste. Vi h\u00e5per at det \u00e5 v\u00e6re p\u00e5meldt et slikt l\u00f8p, gir folk et konkret m\u00e5l \u00e5 trene mot, og vil gj\u00f8re det lettere \u00e5 ha kontinuitet i treningen over tid, sier Bj\u00f8rn som mener alle b\u00f8r gi seg selv en slik gave.<\/p>\n<p>\u2013 Vi m\u00e5 ta vare p\u00e5 kroppen v\u00e5r og gi oss selv mulighet til \u00e5 ha god helse s\u00e5 lenge som mulig, sier han.<\/p>\n<p>For egen motivasjon bruker Bj\u00f8rn alltid l\u00f8psmottoet \u00abyou never run alone\u00bb. Det mener han omfavner alle som er usikker p\u00e5 en slik bevegelsesform, men ogs\u00e5 for l\u00f8pere som er etablert.<\/p>\n<p>Du finner Bj\u00f8rn p\u00e5 Instagram som #skottemannrunning<\/p>\n<\/div>\n<p>\n    <a href=\"\/index.php?page_id=4806\">Forrige side<\/a>\n<\/p>\n<p>\n    <a href=\"\/index.php?page_id=4826\">Neste side<\/a>\n<\/p>\n<p><!--more--><br \/>\n<!-- {\"type\":\"layout\",\"children\":[{\"type\":\"section\",\"props\":{\"style\":\"default\",\"width\":\"default\",\"vertical_align\":\"middle\",\"title_position\":\"top-left\",\"title_rotation\":\"left\",\"title_breakpoint\":\"xl\",\"image_position\":\"center-center\",\"padding\":\"xsmall\",\"padding_remove_bottom\":false},\"children\":[{\"type\":\"row\",\"props\":{\"layout\":\"1-2,1-2\"},\"children\":[{\"type\":\"column\",\"props\":{\"position_sticky_breakpoint\":\"m\",\"image_position\":\"center-center\",\"media_overlay_gradient\":\"\",\"width_medium\":\"1-2\"},\"children\":[{\"type\":\"button\",\"props\":{\"grid_column_gap\":\"small\",\"grid_row_gap\":\"small\",\"margin\":\"default\",\"text_align\":\"left\",\"position\":\"absolute\"},\"children\":[{\"type\":\"button_item\",\"props\":{\"button_style\":\"danger\",\"icon_align\":\"left\",\"content\":\"Forrige side\",\"link\":\"index.php?page_id=4806\"}}]}]},{\"type\":\"column\",\"props\":{\"position_sticky_breakpoint\":\"m\",\"image_position\":\"center-center\",\"media_overlay_gradient\":\"\",\"width_medium\":\"1-2\"},\"children\":[{\"type\":\"button\",\"props\":{\"grid_column_gap\":\"small\",\"grid_row_gap\":\"small\",\"margin\":\"default\",\"text_align\":\"right\",\"position\":\"absolute\"},\"children\":[{\"type\":\"button_item\",\"props\":{\"button_style\":\"danger\",\"icon_align\":\"left\",\"content\":\"Neste side\",\"link\":\"index.php?page_id=4826\"}}]}]}]}],\"name\":\"Forrige\\\/neste\"},{\"type\":\"section\",\"props\":{\"style\":\"default\",\"width\":\"default\",\"vertical_align\":\"middle\",\"title_position\":\"top-left\",\"title_rotation\":\"left\",\"title_breakpoint\":\"xl\",\"image_position\":\"center-center\",\"padding\":\"small\"},\"children\":[{\"type\":\"row\",\"children\":[{\"type\":\"column\",\"props\":{\"position_sticky_breakpoint\":\"m\",\"image_position\":\"center-center\",\"media_overlay_gradient\":\"\"},\"children\":[{\"type\":\"headline\",\"props\":{\"title_element\":\"h1\",\"content\":\"AMBASSAD\\u00d8RPROSJEKTET\",\"title_style\":\"h3\",\"title_color\":\"primary\",\"text_align\":\"center\"}},{\"type\":\"headline\",\"props\":{\"title_element\":\"h1\",\"content\":\"\n\n<p>Ambassad\\u00f8rene er Sparebank 1 SMN Trondheim Maratons ansikt utad<\\\/p>\",\"text_align\":\"center\"}},{\"type\":\"image\",\"props\":{\"margin\":\"default\",\"image_svg_color\":\"emphasis\",\"image\":\"wp-content\\\/uploads\\\/2022\\\/06\\\/Bjorn-Raffenberg-Skotte-KD-97310.jpg\"}},{\"type\":\"text\",\"props\":{\"margin\":\"default\",\"column_breakpoint\":\"m\",\"content\":\"\n\n<p><em><strong>Treningsglad:<\\\/strong> Bj\\u00f8rn Raffenberg Skotte er opptatt av hvor viktig trening er for god folkehelse. (Foto: Privat)<\\\/em><\\\/p>\"}},{\"type\":\"headline\",\"props\":{\"title_element\":\"h1\",\"content\":\"\n\n<p>\\u2013 Vi har sv\\u00e6rt mange ulike ambassad\\u00f8rer med sv\\u00e6rt ulike tiln\\u00e6rminger til, og forutsetninger for, l\\u00f8ping. Felles for dem er at de er interessert i l\\u00f8ping, og er opptatte av \\u00e5 trene og v\\u00e6re aktive, sier Bj\\u00f8rn Raffenberg Skotte som er teamleder for ambassad\\u00f8rene i S\\u00f8r-\\u00d8st Norge.<\\\/p>\",\"title_style\":\"h2\",\"text_align\":\"center\"}},{\"type\":\"text\",\"props\":{\"margin\":\"default\",\"column_breakpoint\":\"m\",\"content\":\"\n\n<p>Tekst: Marianne R\\u00f8hme<\\\/p>\",\"text_align\":\"center\"}},{\"type\":\"text\",\"props\":{\"margin\":\"default\",\"column_breakpoint\":\"m\",\"content\":\"\n\n<p>Fram til nylig hadde Sparebank 1 SMN Trondheim Maraton 35 ambassad\\u00f8rer. N\\u00e5 er antallet doblet.<\\\/p>\\n\n\n<p>\\u2013 Ambassad\\u00f8rene er folk som har interesse for l\\u00f8ping. Bakgrunnen deres er imidlertid sv\\u00e6rt ulik b\\u00e5de n\\u00e5r det gjelder alder, utdanning og etnisk opprinnelse. Her finner vi folk fra alle samfunnslag og niv\\u00e5. Det er meningen de skal speile den aktive delen av samfunnet, og p\\u00e5 den m\\u00e5ten inspirere andre likesinnede til en aktiv livsstil, sier Bj\\u00f8rn, og legger til at de fleste er engasjerte folk, og mange er aktive p\\u00e5 sosiale medier.<\\\/p>\\n\n\n<p>\\u2013 Ambassad\\u00f8rene v\\u00e5re er gjerne ivrige i \\u00e5 v\\u00e6re med p\\u00e5 l\\u00f8p og trener i forskjellige l\\u00f8pegrupper, men vi har ogs\\u00e5 ambassad\\u00f8rer som trener mer p\\u00e5 egenh\\u00e5nd. Her har vi b\\u00e5de ekstroverte og introverte mennesker, b\\u00f8nder, husm\\u00f8dre og kreftpasienter, sier Bj\\u00f8rn<\\\/p>\\n\n\n<p>Alle ambassad\\u00f8rene har en kode som de kan dele med andre. Denne gir de som benytter koden 100 kroner i rabatt p\\u00e5 startkontingenten til Sparebank 1 SMN Trondheim Maraton.<\\\/p>\\n\n\n<p>Per 1. juni var det 2300 p\\u00e5meldte til \\u00e5rets l\\u00f8p. M\\u00e5let er \\u00e5 komme opp p\\u00e5 2019-niv\\u00e5 med 7700 p\\u00e5meldte.<\\\/p>\\n\n\n<p>\\u2013 Selve l\\u00f8psdagen er den store m\\u00e5lsettningen for b\\u00e5de oss som sitter p\\u00e5 arrang\\u00f8rsiden, og alle dem som har trent mot denne dagen og mot bedre folkehelse. Samarbeidspartnere som Kondis med flere er s\\u00e5ledes en helt naturlig forlengende arm inn mot arragementet. Det er ogs\\u00e5 verdt \\u00e5 nevne at f\\u00f8r, under og etter selve arrangementet vil hele Trondheim ha ulike kulturtilbud, opplevelser og arragementer i by`n, sier Bj\\u00f8rn, og legger til:<\\\/p>\\n\n\n<p>\\u2013 Her spiller ambassad\\u00f8rene en viktig rolle i \\u00e5 motivere folk til \\u00e5 melde seg p\\u00e5 en av distansene. Vi har distanser fra 5-kilometer og oppover, s\\u00e5 her b\\u00f8r det v\\u00e6re noe for de fleste. Vi h\\u00e5per at det \\u00e5 v\\u00e6re p\\u00e5meldt et slikt l\\u00f8p, gir folk et konkret m\\u00e5l \\u00e5 trene mot, og vil gj\\u00f8re det lettere \\u00e5 ha kontinuitet i treningen over tid, sier Bj\\u00f8rn som mener alle b\\u00f8r gi seg selv en slik gave.<\\\/p>\\n\n\n<p>\\u2013 Vi m\\u00e5 ta vare p\\u00e5 kroppen v\\u00e5r og gi oss selv mulighet til \\u00e5 ha god helse s\\u00e5 lenge som mulig, sier han.<\\\/p>\\n\n\n<p>For egen motivasjon bruker Bj\\u00f8rn alltid l\\u00f8psmottoet \\u00abyou never run alone\\u00bb. Det mener han omfavner alle som er usikker p\\u00e5 en slik bevegelsesform, men ogs\\u00e5 for l\\u00f8pere som er etablert.<\\\/p>\\n\n\n<p>Du finner Bj\\u00f8rn p\\u00e5 Instagram som #skottemannrunning<\\\/p>\"}}]}]}]},{\"type\":\"section\",\"props\":{\"style\":\"default\",\"width\":\"default\",\"vertical_align\":\"middle\",\"title_position\":\"top-left\",\"title_rotation\":\"left\",\"title_breakpoint\":\"xl\",\"image_position\":\"center-center\",\"padding\":\"xsmall\",\"padding_remove_bottom\":false,\"padding_remove_top\":true},\"children\":[{\"type\":\"row\",\"props\":{\"layout\":\"1-2,1-2\"},\"children\":[{\"type\":\"column\",\"props\":{\"position_sticky_breakpoint\":\"m\",\"image_position\":\"center-center\",\"media_overlay_gradient\":\"\",\"width_medium\":\"1-2\"},\"children\":[{\"type\":\"button\",\"props\":{\"grid_column_gap\":\"small\",\"grid_row_gap\":\"small\",\"margin\":\"default\",\"text_align\":\"left\"},\"children\":[{\"type\":\"button_item\",\"props\":{\"button_style\":\"danger\",\"icon_align\":\"left\",\"content\":\"Forrige side\",\"link\":\"index.php?page_id=4806\"}}]}]},{\"type\":\"column\",\"props\":{\"position_sticky_breakpoint\":\"m\",\"image_position\":\"center-center\",\"media_overlay_gradient\":\"\",\"width_medium\":\"1-2\"},\"children\":[{\"type\":\"button\",\"props\":{\"grid_column_gap\":\"small\",\"grid_row_gap\":\"small\",\"margin\":\"default\",\"text_align\":\"right\"},\"children\":[{\"type\":\"button_item\",\"props\":{\"button_style\":\"danger\",\"icon_align\":\"left\",\"content\":\"Neste side\",\"link\":\"index.php?page_id=4826\"}}]}]}]}],\"name\":\"Forrige\\\/neste\"}],\"version\":\"2.7.22\"} --><\/p>\n","protected":false},"excerpt":{"rendered":"<p>Forrige side Neste side AMBASSAD\u00d8RPROSJEKTET Ambassad\u00f8rene er Sparebank 1 SMN Trondheim Maratons ansikt utad Treningsglad: Bj\u00f8rn Raffenberg Skotte er opptatt av hvor viktig trening er for god folkehelse. (Foto: Privat) \u2013 Vi har sv\u00e6rt mange ulike ambassad\u00f8rer med sv\u00e6rt ulike tiln\u00e6rminger til, og forutsetninger for, l\u00f8ping. Felles for dem er at de er interessert i [&hellip;]<\/p>\n","protected":false},"author":1,"featured_media":0,"parent":0,"menu_order":10,"comment_status":"closed","ping_status":"closed","template":"","meta":{"footnotes":""},"class_list":["post-4880","page","type-page","status-publish","hentry"],"acf":[],"_links":{"self":[{"href":"https:\/\/trondheim-maraton.mittmagasin.online\/index.php?rest_route=\/wp\/v2\/pages\/4880","targetHints":{"allow":["GET"]}}],"collection":[{"href":"https:\/\/trondheim-maraton.mittmagasin.online\/index.php?rest_route=\/wp\/v2\/pages"}],"about":[{"href":"https:\/\/trondheim-maraton.mittmagasin.online\/index.php?rest_route=\/wp\/v2\/types\/page"}],"author":[{"embeddable":true,"href":"https:\/\/trondheim-maraton.mittmagasin.online\/index.php?rest_route=\/wp\/v2\/users\/1"}],"replies":[{"embeddable":true,"href":"https:\/\/trondheim-maraton.mittmagasin.online\/index.php?rest_route=%2Fwp%2Fv2%2Fcomments&post=4880"}],"version-history":[{"count":23,"href":"https:\/\/trondheim-maraton.mittmagasin.online\/index.php?rest_route=\/wp\/v2\/pages\/4880\/revisions"}],"predecessor-version":[{"id":5528,"href":"https:\/\/trondheim-maraton.mittmagasin.online\/index.php?rest_route=\/wp\/v2\/pages\/4880\/revisions\/5528"}],"wp:attachment":[{"href":"https:\/\/trondheim-maraton.mittmagasin.online\/index.php?rest_route=%2Fwp%2Fv2%2Fmedia&parent=4880"}],"curies":[{"name":"wp","href":"https:\/\/api.w.org\/{rel}","templated":true}]}}