{"id":4930,"date":"2022-06-27T12:41:41","date_gmt":"2022-06-27T12:41:41","guid":{"rendered":"https:\/\/trondheim-maraton.mittmagasin.online\/?page_id=4930"},"modified":"2022-06-29T07:20:35","modified_gmt":"2022-06-29T07:20:35","slug":"viktig-a-trene-pa-inntak-av-vaeske-og-naering%ef%bf%bc","status":"publish","type":"page","link":"https:\/\/trondheim-maraton.mittmagasin.online\/?page_id=4930","title":{"rendered":"Viktig \u00e5 trene p\u00e5 inntak av v\u00e6ske og n\u00e6ring\ufffc"},"content":{"rendered":"<p>\n    <a href=\"\/index.php?page_id=4928\">Forrige side<\/a>\n<\/p>\n<p>\n    <a href=\"\/index.php?page_id=4941\">Neste side<\/a>\n<\/p>\n<h1><span>SPONSORINNHOLD<\/span><\/h1>\n<h1>\n<div>\n<p>Viktig \u00e5 trene p\u00e5 inntak av v\u00e6ske og n\u00e6ring<\/p>\n<\/div>\n<\/h1>\n<p><img decoding=\"async\" src=\"\/wp-content\/uploads\/2022\/06\/Energigel_foto_fuel-of-norway.jpg\" alt=\"\"><\/p>\n<h1>\n<p>N\u00e5r du trener mot deltakelse i et l\u00f8p, er det viktig \u00e5 ogs\u00e5 trene kroppen til \u00e5 ta opp n\u00e6ring og v\u00e6ske underveis i l\u00f8pet. I denne saken gir Fuel of Norway, som produserer sportsdrikk, barer og gels, deg r\u00e5d om hvordan du best kan sikre optimal prestasjon gjennom ern\u00e6ring.<\/p>\n<\/h1>\n<div>\n<p>All trening og konkurranse er med p\u00e5 \u00e5 bryte ned kroppens energilagre. N\u00e5r dette skjer, s\u00e5 yter man d\u00e5rligere, man forlenger restitusjonstiden og er mer utsatt for skader.<\/p>\n<p>\u2013 Ved \u00e5 v\u00e6re smart f\u00f8r, under og etter trening vil utbyttet og gleden av treningen v\u00e6re st\u00f8rre. Det er enkle grep som kan gj\u00f8res for stor effekt, sier daglig leder for Fuel of Norway, Morten Andresen, som anbefaler alle \u00e5 drikke fem desiliter sportsdrikk f\u00f8r trening.<\/p>\n<p>\u2013 Dette s\u00f8rger for at energilagrene fylles opp, og at man binder v\u00e6ske. P\u00e5 hard\u00f8kter kan det v\u00e6re smart \u00e5 spise en gel ogs\u00e5 f\u00f8r start. Under \u00f8kter p\u00e5 over \u00e9n time b\u00f8r man fylle p\u00e5 med sportsdrikke og gel underveis. Her gjelder det ca. 60-80 gram per time. P\u00e5 \u00f8kter under \u00e9n time vil det v\u00e6re fordelaktig \u00e5 fylle p\u00e5 med tanke p\u00e5 restitusjon, men om man har v\u00e6rt flink til \u00e5 forberede seg, s\u00e5 holder det med sportsdrikke for selve prestasjonen, forteller han og legger til at en umiddelbart etter \u00f8kta skal man helst spise ca. 60-80 gram karbohydrater og drikke 150 prosent av tapt v\u00e6ske. Dette b\u00f8r skje i de f\u00f8rste 20 minuttene etter \u00f8kta.<\/p>\n<p>\u2013 Dette er ikke kun for eliten. En mosjonist har ofte en mer ujevn puls og bruker vesentlig lengre tid enn de mest trente, og behovet vil da v\u00e6re enda st\u00f8rre for en god opplevelse, sier han.<\/p>\n<p>\u2013 Uansett hvilke r\u00e5d som gis av oss som produserer sportsdrikker, barer og geler er det viktig at alle pr\u00f8ver ut de produktene de \u00f8nsker \u00e5 innta i konkurranse f\u00f8r selve konkurransedagen. Kroppen m\u00e5 venne seg til \u00e5 ta imot produktene, forteller Morten.<\/p>\n<p><strong>Mortens r\u00e5d for v\u00e6ske og n\u00e6ring i forbindelse med trening<\/strong><\/p>\n<ul>\n<li>Tren kroppen p\u00e5 \u00e5 ta imot n\u00e6ring og v\u00e6ske f\u00f8r og under trening<\/li>\n<li>Innta et lett karbohydratrikt m\u00e5ltid rundt to timer f\u00f8r trening<\/li>\n<li>Drikk gjerne fem desiliter sportsdrikk siste timen f\u00f8r trening<\/li>\n<li>\u00d8kter utover \u00e9n time b\u00f8r suppleres med sportsdrikk<\/li>\n<li>Drikk sportsdrikk og spis en banan eller energibar innen 20 minutter etter trening<\/li>\n<\/ul>\n<p><strong>Mortens r\u00e5d for v\u00e6ske og n\u00e6ring under de ulike l\u00f8psdistansene<\/strong><\/p>\n<p><u>Maraton og halvmaraton: <\/u><\/p>\n<ul>\n<li>S\u00f8rg for regelmessig inntak av mat og drikke p\u00e5 alle mat- og drikkestasjoner<\/li>\n<li>Spis en gel hver halvtime<\/li>\n<\/ul>\n<p><u>5- og 10-kilometer:<\/u><\/p>\n<ul>\n<li>Drikk sportsdrikke p\u00e5 alle drikkestasjonene<\/li>\n<\/ul>\n<\/div>\n<p>\n    <a href=\"\/index.php?page_id=4928\">Forrige side<\/a>\n<\/p>\n<p>\n    <a href=\"\/index.php?page_id=4941\">Neste side<\/a>\n<\/p>\n<p><!--more--><br \/>\n<!-- {\"type\":\"layout\",\"children\":[{\"type\":\"section\",\"props\":{\"style\":\"default\",\"width\":\"default\",\"vertical_align\":\"middle\",\"title_position\":\"top-left\",\"title_rotation\":\"left\",\"title_breakpoint\":\"xl\",\"image_position\":\"center-center\",\"padding\":\"xsmall\",\"padding_remove_bottom\":false},\"children\":[{\"type\":\"row\",\"props\":{\"layout\":\"1-2,1-2\"},\"children\":[{\"type\":\"column\",\"props\":{\"position_sticky_breakpoint\":\"m\",\"image_position\":\"center-center\",\"media_overlay_gradient\":\"\",\"width_medium\":\"1-2\"},\"children\":[{\"type\":\"button\",\"props\":{\"grid_column_gap\":\"small\",\"grid_row_gap\":\"small\",\"margin\":\"default\",\"text_align\":\"left\",\"position\":\"absolute\"},\"children\":[{\"type\":\"button_item\",\"props\":{\"button_style\":\"danger\",\"icon_align\":\"left\",\"content\":\"Forrige side\",\"link\":\"index.php?page_id=4928\"}}]}]},{\"type\":\"column\",\"props\":{\"position_sticky_breakpoint\":\"m\",\"image_position\":\"center-center\",\"media_overlay_gradient\":\"\",\"width_medium\":\"1-2\"},\"children\":[{\"type\":\"button\",\"props\":{\"grid_column_gap\":\"small\",\"grid_row_gap\":\"small\",\"margin\":\"default\",\"text_align\":\"right\",\"position\":\"absolute\"},\"children\":[{\"type\":\"button_item\",\"props\":{\"button_style\":\"danger\",\"icon_align\":\"left\",\"content\":\"Neste side\",\"link\":\"index.php?page_id=4941\"}}]}]}]}],\"name\":\"Forrige\\\/neste\"},{\"type\":\"section\",\"props\":{\"style\":\"default\",\"width\":\"default\",\"vertical_align\":\"middle\",\"title_position\":\"top-left\",\"title_rotation\":\"left\",\"title_breakpoint\":\"xl\",\"image_position\":\"center-center\",\"padding\":\"xsmall\"},\"children\":[{\"type\":\"row\",\"children\":[{\"type\":\"column\",\"props\":{\"position_sticky_breakpoint\":\"m\",\"image_position\":\"center-center\",\"media_overlay_gradient\":\"\"},\"children\":[{\"type\":\"headline\",\"props\":{\"title_element\":\"h1\",\"content\":\"<span>SPONSORINNHOLD<\\\/span>\",\"title_style\":\"h2\",\"title_color\":\"primary\",\"text_align\":\"center\"}},{\"type\":\"headline\",\"props\":{\"title_element\":\"h1\",\"content\":\"\n\n<div>\\n\n\n<p>Viktig \\u00e5 trene p\\u00e5 inntak av v\\u00e6ske og n\\u00e6ring<\\\/p>\\n<\\\/div>\",\"text_align\":\"center\"}},{\"type\":\"image\",\"props\":{\"margin\":\"default\",\"image_svg_color\":\"emphasis\",\"image\":\"wp-content\\\/uploads\\\/2022\\\/06\\\/Energigel_foto_fuel-of-norway.jpg\"}},{\"type\":\"headline\",\"props\":{\"title_element\":\"h1\",\"content\":\"\n\n<p>N\\u00e5r du trener mot deltakelse i et l\\u00f8p, er det viktig \\u00e5 ogs\\u00e5 trene kroppen til \\u00e5 ta opp n\\u00e6ring og v\\u00e6ske underveis i l\\u00f8pet. I denne saken gir Fuel of Norway, som produserer sportsdrikk, barer og gels, deg r\\u00e5d om hvordan du best kan sikre optimal prestasjon gjennom ern\\u00e6ring.<\\\/p>\",\"title_style\":\"h2\",\"text_align\":\"center\"}}]}]}]},{\"type\":\"section\",\"props\":{\"style\":\"default\",\"width\":\"default\",\"vertical_align\":\"middle\",\"title_position\":\"top-left\",\"title_rotation\":\"left\",\"title_breakpoint\":\"xl\",\"image_position\":\"center-center\",\"padding\":\"none\"},\"children\":[{\"type\":\"row\",\"children\":[{\"type\":\"column\",\"props\":{\"position_sticky_breakpoint\":\"m\",\"image_position\":\"center-center\",\"media_overlay_gradient\":\"\"},\"children\":[{\"type\":\"text\",\"props\":{\"margin\":\"default\",\"column_breakpoint\":\"m\",\"content\":\"\n\n<p>All trening og konkurranse er med p\\u00e5 \\u00e5 bryte ned kroppens energilagre. N\\u00e5r dette skjer, s\\u00e5 yter man d\\u00e5rligere, man forlenger restitusjonstiden og er mer utsatt for skader.<\\\/p>\\n\n\n<p>\\u2013 Ved \\u00e5 v\\u00e6re smart f\\u00f8r, under og etter trening vil utbyttet og gleden av treningen v\\u00e6re st\\u00f8rre. Det er enkle grep som kan gj\\u00f8res for stor effekt, sier daglig leder for Fuel of Norway, Morten Andresen, som anbefaler alle \\u00e5 drikke fem desiliter sportsdrikk f\\u00f8r trening.<\\\/p>\\n\n\n<p>\\u2013 Dette s\\u00f8rger for at energilagrene fylles opp, og at man binder v\\u00e6ske. P\\u00e5 hard\\u00f8kter kan det v\\u00e6re smart \\u00e5 spise en gel ogs\\u00e5 f\\u00f8r start. Under \\u00f8kter p\\u00e5 over \\u00e9n time b\\u00f8r man fylle p\\u00e5 med sportsdrikke og gel underveis. Her gjelder det ca. 60-80 gram per time. P\\u00e5 \\u00f8kter under \\u00e9n time vil det v\\u00e6re fordelaktig \\u00e5 fylle p\\u00e5 med tanke p\\u00e5 restitusjon, men om man har v\\u00e6rt flink til \\u00e5 forberede seg, s\\u00e5 holder det med sportsdrikke for selve prestasjonen, forteller han og legger til at en umiddelbart etter \\u00f8kta skal man helst spise ca. 60-80 gram karbohydrater og drikke 150 prosent av tapt v\\u00e6ske. Dette b\\u00f8r skje i de f\\u00f8rste 20 minuttene etter \\u00f8kta.<\\\/p>\\n\n\n<p>\\u2013 Dette er ikke kun for eliten. En mosjonist har ofte en mer ujevn puls og bruker vesentlig lengre tid enn de mest trente, og behovet vil da v\\u00e6re enda st\\u00f8rre for en god opplevelse, sier han.<\\\/p>\\n\n\n<p>\\u2013 Uansett hvilke r\\u00e5d som gis av oss som produserer sportsdrikker, barer og geler er det viktig at alle pr\\u00f8ver ut de produktene de \\u00f8nsker \\u00e5 innta i konkurranse f\\u00f8r selve konkurransedagen. Kroppen m\\u00e5 venne seg til \\u00e5 ta imot produktene, forteller Morten.<\\\/p>\\n\n\n<p><strong>Mortens r\\u00e5d for v\\u00e6ske og n\\u00e6ring i forbindelse med trening<\\\/strong><\\\/p>\\n\n\n<ul>\\n\n\n<li>Tren kroppen p\\u00e5 \\u00e5 ta imot n\\u00e6ring og v\\u00e6ske f\\u00f8r og under trening<\\\/li>\\n\n\n<li>Innta et lett karbohydratrikt m\\u00e5ltid rundt to timer f\\u00f8r trening<\\\/li>\\n\n\n<li>Drikk gjerne fem desiliter sportsdrikk siste timen f\\u00f8r trening<\\\/li>\\n\n\n<li>\\u00d8kter utover \\u00e9n time b\\u00f8r suppleres med sportsdrikk<\\\/li>\\n\n\n<li>Drikk sportsdrikk og spis en banan eller energibar innen 20 minutter etter trening<\\\/li>\\n<\\\/ul>\\n\n\n<p><strong>Mortens r\\u00e5d for v\\u00e6ske og n\\u00e6ring under de ulike l\\u00f8psdistansene<\\\/strong><\\\/p>\\n\n\n<p><u>Maraton og halvmaraton: <\\\/u><\\\/p>\\n\n\n<ul>\\n\n\n<li>S\\u00f8rg for regelmessig inntak av mat og drikke p\\u00e5 alle mat- og drikkestasjoner<\\\/li>\\n\n\n<li>Spis en gel hver halvtime<\\\/li>\\n<\\\/ul>\\n\n\n<p><u>5- og 10-kilometer:<\\\/u><\\\/p>\\n\n\n<ul>\\n\n\n<li>Drikk sportsdrikke p\\u00e5 alle drikkestasjonene<\\\/li>\\n<\\\/ul>\"}}]}]}]},{\"type\":\"section\",\"props\":{\"style\":\"default\",\"width\":\"default\",\"vertical_align\":\"middle\",\"title_position\":\"top-left\",\"title_rotation\":\"left\",\"title_breakpoint\":\"xl\",\"image_position\":\"center-center\",\"padding\":\"xsmall\",\"padding_remove_bottom\":false},\"children\":[{\"type\":\"row\",\"props\":{\"layout\":\"1-2,1-2\"},\"children\":[{\"type\":\"column\",\"props\":{\"position_sticky_breakpoint\":\"m\",\"image_position\":\"center-center\",\"media_overlay_gradient\":\"\",\"width_medium\":\"1-2\"},\"children\":[{\"type\":\"button\",\"props\":{\"grid_column_gap\":\"small\",\"grid_row_gap\":\"small\",\"margin\":\"default\",\"text_align\":\"left\"},\"children\":[{\"type\":\"button_item\",\"props\":{\"button_style\":\"danger\",\"icon_align\":\"left\",\"content\":\"Forrige side\",\"link\":\"index.php?page_id=4928\"}}]}]},{\"type\":\"column\",\"props\":{\"position_sticky_breakpoint\":\"m\",\"image_position\":\"center-center\",\"media_overlay_gradient\":\"\",\"width_medium\":\"1-2\"},\"children\":[{\"type\":\"button\",\"props\":{\"grid_column_gap\":\"small\",\"grid_row_gap\":\"small\",\"margin\":\"default\",\"text_align\":\"right\"},\"children\":[{\"type\":\"button_item\",\"props\":{\"button_style\":\"danger\",\"icon_align\":\"left\",\"content\":\"Neste side\",\"link\":\"index.php?page_id=4941\"}}]}]}]}],\"name\":\"Forrige\\\/neste\"}],\"version\":\"2.7.22\"} --><\/p>\n","protected":false},"excerpt":{"rendered":"<p>Forrige side Neste side SPONSORINNHOLD Viktig \u00e5 trene p\u00e5 inntak av v\u00e6ske og n\u00e6ring N\u00e5r du trener mot deltakelse i et l\u00f8p, er det viktig \u00e5 ogs\u00e5 trene kroppen til \u00e5 ta opp n\u00e6ring og v\u00e6ske underveis i l\u00f8pet. I denne saken gir Fuel of Norway, som produserer sportsdrikk, barer og gels, deg r\u00e5d om [&hellip;]<\/p>\n","protected":false},"author":1,"featured_media":0,"parent":0,"menu_order":18,"comment_status":"closed","ping_status":"closed","template":"","meta":{"footnotes":""},"class_list":["post-4930","page","type-page","status-publish","hentry"],"acf":[],"_links":{"self":[{"href":"https:\/\/trondheim-maraton.mittmagasin.online\/index.php?rest_route=\/wp\/v2\/pages\/4930","targetHints":{"allow":["GET"]}}],"collection":[{"href":"https:\/\/trondheim-maraton.mittmagasin.online\/index.php?rest_route=\/wp\/v2\/pages"}],"about":[{"href":"https:\/\/trondheim-maraton.mittmagasin.online\/index.php?rest_route=\/wp\/v2\/types\/page"}],"author":[{"embeddable":true,"href":"https:\/\/trondheim-maraton.mittmagasin.online\/index.php?rest_route=\/wp\/v2\/users\/1"}],"replies":[{"embeddable":true,"href":"https:\/\/trondheim-maraton.mittmagasin.online\/index.php?rest_route=%2Fwp%2Fv2%2Fcomments&post=4930"}],"version-history":[{"count":18,"href":"https:\/\/trondheim-maraton.mittmagasin.online\/index.php?rest_route=\/wp\/v2\/pages\/4930\/revisions"}],"predecessor-version":[{"id":5522,"href":"https:\/\/trondheim-maraton.mittmagasin.online\/index.php?rest_route=\/wp\/v2\/pages\/4930\/revisions\/5522"}],"wp:attachment":[{"href":"https:\/\/trondheim-maraton.mittmagasin.online\/index.php?rest_route=%2Fwp%2Fv2%2Fmedia&parent=4930"}],"curies":[{"name":"wp","href":"https:\/\/api.w.org\/{rel}","templated":true}]}}